{"id":26552,"date":"2025-02-12T17:56:10","date_gmt":"2025-02-12T16:56:10","guid":{"rendered":"https:\/\/kordes.de\/manufacture\/"},"modified":"2025-03-10T08:19:16","modified_gmt":"2025-03-10T07:19:16","slug":"production","status":"publish","type":"page","link":"https:\/\/kordes.de\/en\/production\/","title":{"rendered":"Manufacture"},"content":{"rendered":"<h1>Herstellung<\/h1>\n<p><a href=\"https:\/\/dev.kordes.de\/\">Kordes.de<\/a>\u00a0 \u00a0 &gt;\u00a0 \u00a0 <a href=\"https:\/\/dev.kordes.de\/en\/company\/\">Unternehmen<\/a>\u00a0 \u00a0 &gt;\u00a0 \u00a0\u00a0<a href=\"https:\/\/dev.kordes.de\/en\/production\/\">Herstellung<\/a><\/p>\n<h2>Konstruktion<\/h2>\n<p>F\u00fcr Ihr individuelle Anlage erstellen wir eine objektbezogene Zeichnung in 2D und 3D. Nach technischer Abstimmung und Freigabe setzen wir diese als ma\u00dfgeschneidertes Produkt in die Praxis um.<\/p>\n<p>\t\t\t\t\t\t\t\t\t\t\t\t\t<img fetchpriority=\"high\" decoding=\"async\" width=\"1400\" height=\"934\" src=\"https:\/\/dev.kordes.de\/wp-content\/uploads\/Herstellung-Produktion-Konstrukteur-Jens-Grotegut-Experte-Pumpstationen-Edelstahl-PE-HD.jpg\" alt=\"\" \/>\t\t\t\t\t\t\t\t\t\t\t\t\t\t\t\t\t\t\t\t\t\t\t\t\t\t<img decoding=\"async\" width=\"1358\" height=\"1920\" src=\"https:\/\/dev.kordes.de\/wp-content\/uploads\/Herstellung-Produktion-Planung-Zeichnung-3D-Dorant-Pumpstation-Nassaufstellung-PE-HD-Schacht-Werksseitig-vorgefertigt.jpg\" alt=\"\" \/>\t\t\t\t\t\t\t\t\t\t\t\t\t\t\t\t<\/p>\n<h2>CNC Fr\u00e4se<\/h2>\n<p>Die CNC-Fr\u00e4se bearbeitet die PE-HD Platten und schneidet passgenau alle Teile entsprechend der Hochgeladenen Konstruktionszeichnung aus.<\/p>\n<p>\t\t\t\t\t\t\t\t\t\t\t\t\t<img decoding=\"async\" width=\"768\" height=\"742\" src=\"https:\/\/dev.kordes.de\/wp-content\/uploads\/Herstellung-Produktion-Verankerung-im-Beton-Verbund-PE-HD-Stahlbeton-Deckenplatte-Bodenplatte.jpg\" alt=\"\" \/>\t\t\t\t\t\t\t\t\t\t\t\t\t\t\t\t\t\t\t\t\t\t\t\t\t\t<img loading=\"lazy\" decoding=\"async\" width=\"1920\" height=\"2560\" src=\"https:\/\/dev.kordes.de\/wp-content\/uploads\/Herstellung-Produktion-PE-HD-Fraese-Bauteizuschnitt-fuer-PE-HD-Schachtsysteme-Dorant-Hekant-Pumpstation.jpg\" alt=\"\" \/>\t\t\t\t\t\t\t\t\t\t\t\t\t\t\t\t<\/p>\n<h2>PE-HD Montage <\/h2>\n<p>Die vorbereiteten Einzelteile aus PE-HD werden mit einem Extruder zu einem gr\u00f6\u00dferen Bauteil verschwei\u00dft. Hier auf dem Bild ist die PE-HD Verschalung einer Deckenplatte zu sehen.<\/p>\n<p>\t\t\t\t\t\t\t\t\t\t\t\t\t<img loading=\"lazy\" decoding=\"async\" width=\"2560\" height=\"1920\" src=\"https:\/\/dev.kordes.de\/wp-content\/uploads\/Herstellung-Produktion-PE-HD-schweissen-mit-Extruder-Schweissnahth-zwischen-Schachtmantelrohr-und-Bodenplatte.jpg\" alt=\"\" \/>\t\t\t\t\t\t\t\t\t\t\t\t\t\t\t\t\t\t\t\t\t\t\t\t\t\t<img loading=\"lazy\" decoding=\"async\" width=\"2016\" height=\"1134\" src=\"https:\/\/dev.kordes.de\/wp-content\/uploads\/Herstellung-Produktion-Extruder-um-PE-HD-zu-schweissen-Montage-PE-HD-Schacht.jpg\" alt=\"\" \/>\t\t\t\t\t\t\t\t\t\t\t\t\t\t\t\t\t\t\t\t\t\t\t\t\t\t<img decoding=\"async\" src=\"https:\/\/dev.kordes.de\/wp-content\/uploads\/3.3.jpg\" title=\"\" alt=\"\" loading=\"lazy\" \/>\t\t\t\t\t\t\t\t\t\t\t\t\t\t\t\t\t\t\t\t\t\t\t\t\t\t<img loading=\"lazy\" decoding=\"async\" width=\"1920\" height=\"1971\" src=\"https:\/\/dev.kordes.de\/wp-content\/uploads\/Herstellung-Produktion-Montage-PE-HD-Deckenplatte-Extruder-PE-HD-schweissen.jpg\" alt=\"\" \/>\t\t\t\t\t\t\t\t\t\t\t\t\t\t\t\t<\/p>\n<h2>Stahlbetonfertigung<\/h2>\n<p>Entsprechend der statischen Anforderungen wird Stahlbewehrung in die vorbereiteten PE-HD Verschalungen eingebaut. Anschlie\u00dfend erfolgt die Bef\u00fcllung durch den von unserer Mischanlage hergestellten Frischbeton. Nach gutem Verdichten und Abbinden, sind die Decken- bzw. Bodenplatten f\u00fcr den n\u00e4chsten Verarbeitungsschritt fertiggestellt.<\/p>\n<p>\t\t\t\t\t\t\t\t\t\t\t\t\t<img loading=\"lazy\" decoding=\"async\" width=\"1920\" height=\"1864\" src=\"https:\/\/dev.kordes.de\/wp-content\/uploads\/Herstellung-Produktion-Stahlbeton-Bodenplatte-und-Deckenplatte-fuer-PE-HD-Schachtsystem-Bewaehrung-Verbundsystem.jpg\" alt=\"\" \/>\t\t\t\t\t\t\t\t\t\t\t\t\t\t\t\t\t\t\t\t\t\t\t\t\t\t<img loading=\"lazy\" decoding=\"async\" width=\"2560\" height=\"1920\" src=\"https:\/\/dev.kordes.de\/wp-content\/uploads\/Herstellung-Produktion-Bodenplatte-einfuellen-von-Beton-Stahlbetonplatte-als-Verbundsystem-mit-PE-HD.jpg\" alt=\"\" \/>\t\t\t\t\t\t\t\t\t\t\t\t\t\t\t\t<\/p>\n<h2>PE-HD Wickelrohre<\/h2>\n<p>Die Schachtmantelrohre werden individuell f\u00fcr jedes Bauvorhaben entsprechen freigegebener Zeichnung und statischer Berechnung bei einem unserer Lieferanten hergestellt.<\/p>\n<p>\t\t\t\t\t\t\t\t\t\t\t\t\t<img loading=\"lazy\" decoding=\"async\" width=\"2560\" height=\"1920\" src=\"https:\/\/dev.kordes.de\/wp-content\/uploads\/Herstellung-Produktion-Schachtmangelrohr-Doppelwandiges-PE-HD-Wickelrohr-Frank-Fertigungsprozess.jpg\" alt=\"\" \/>\t\t\t\t\t\t\t\t\t\t\t\t\t\t\t\t\t\t\t\t\t\t\t\t\t\t<img loading=\"lazy\" decoding=\"async\" width=\"1920\" height=\"1821\" src=\"https:\/\/dev.kordes.de\/wp-content\/uploads\/Herstellung-Produktion-PE-HD-Schachtmantelrohr-Doppelwandiges-Wickelrohr-Frank.jpg\" alt=\"\" \/>\t\t\t\t\t\t\t\t\t\t\t\t\t\t\t\t<\/p>\n<h2>Kranbahnen und Montagegrube<\/h2>\n<p>Durch Verschwei\u00dfen des Schachtmantelrohrs mit der Decken- und Bodenplatte wird das fertige Schachtsystem hergestellt. Eine gro\u00dfe Hilfe hierbei sind die zwei 32t Kranbahnen in Kombination mit der Montagegrube. Wir sind somit in der Lage auch sehr gro\u00dfe Schachtsysteme f\u00fcr den kommunalen Einsatz zu fertigen.<\/p>\n<p>\t\t\t\t\t\t\t\t\t\t\t\t\t<img loading=\"lazy\" decoding=\"async\" width=\"850\" height=\"629\" src=\"https:\/\/dev.kordes.de\/wp-content\/uploads\/Herstellung-Produktion-Montagegrube-Dorant-Pumpstation-PE-HD-Schachtsytem-Montage.jpg\" alt=\"\" \/>\t\t\t\t\t\t\t\t\t\t\t\t\t\t\t\t<\/p>\n<h2>Wasserstrahlschneidemaschine<\/h2>\n<p>\t\t\t\t\t\t\t\t\t\t\t\t\t\t\t<img loading=\"lazy\" decoding=\"async\" width=\"1844\" height=\"1447\" src=\"https:\/\/dev.kordes.de\/wp-content\/uploads\/Herstellung-Produktion-Wasserstrahlschneidemaschine-Edelstahlteile-Ausschneiden-Einzelteile-fuer-Pumpsation.jpg\" alt=\"\" \/>\t\t\t\t\t\t\t\t\t\t\t\t\t<\/p>\n<p>Die komplexen Anlagen erfordern eine Vielzahl von individuellen Einzelteilen. Unsere Wasserstrahlschneidemaschine ist hierf\u00fcr ein idealer Faktor f\u00fcr eine pr\u00e4zise und effiziente Fertigung. Entsprechend der hochgeladenen Zeichnungen sind wir in der Lage Rohrleitungen und Stahlteile bis zu einer Materialst\u00e4rke von 80mm schneiden.<\/p>\n<h2>Edelstahlfertigung<\/h2>\n<p>Edelstahlteile werden entsprechend der technischen Anforderungen exakt gefertigt. Das Verschwei\u00dfen der Einzelteile erfolgt mit gro\u00dfer Genauigkeit, damit f\u00fcr die sp\u00e4ter betriebsbereiten Leitungssysteme Druckbest\u00e4ndig und Sicherheit garantiert ist.<\/p>\n<p>\t\t\t\t\t\t\t\t\t\t\t\t\t<img loading=\"lazy\" decoding=\"async\" width=\"2016\" height=\"1134\" src=\"https:\/\/dev.kordes.de\/wp-content\/uploads\/Herstellung-Produktion-Schlosserei-Edelstahlfertigung-Schweissanlagen-Absaugvorrichtung.jpg\" alt=\"\" \/>\t\t\t\t\t\t\t\t\t\t\t\t\t\t\t\t\t\t\t\t\t\t\t\t\t\t<img loading=\"lazy\" decoding=\"async\" width=\"2016\" height=\"1134\" src=\"https:\/\/dev.kordes.de\/wp-content\/uploads\/Herstellung-Produktion-Edelstahl-schweissen-Experte-Edelstahlrohr-mit-Flansch.jpg\" alt=\"\" \/>\t\t\t\t\t\t\t\t\t\t\t\t\t\t\t\t<\/p>\n<h2>Materiallager<\/h2>\n<p>F\u00fcr einen reibungslosen Produktionsablauf haben wir ein gut sortiertes Materiallager. Alle ben\u00f6tigten Einzelteile stehen zur weiteren Verarbeitung schnell zur Verf\u00fcgung.<\/p>\n<p>\t\t\t\t\t\t\t\t\t\t\t\t\t<img loading=\"lazy\" decoding=\"async\" width=\"2560\" height=\"1707\" src=\"https:\/\/dev.kordes.de\/wp-content\/uploads\/Herstellung-Produktion-Armaturen-aus-Edelstahl-Lager-Zulassung-Kugelrueckschlagventil.jpg\" alt=\"\" \/>\t\t\t\t\t\t\t\t\t\t\t\t\t\t\t\t\t\t\t\t\t\t\t\t\t\t<img loading=\"lazy\" decoding=\"async\" width=\"2560\" height=\"1708\" src=\"https:\/\/dev.kordes.de\/wp-content\/uploads\/Herstellung-Produktion-Materiallager-Armaturen-Guss.jpg\" alt=\"\" \/>\t\t\t\t\t\t\t\t\t\t\t\t\t\t\t\t<\/p>\n<h2>Armaturenmontage<\/h2>\n<p>\t\t\t\t\t\t\t\t\t\t\t\t\t\t\t<img loading=\"lazy\" decoding=\"async\" width=\"1134\" height=\"1044\" src=\"https:\/\/dev.kordes.de\/wp-content\/uploads\/Herstellung-Produktion-Montage-Armatur-Hekant-Pumpstation-Trockenaufstellung-Pumpen-Schieber-Montagetisch.jpg\" alt=\"\" \/>\t\t\t\t\t\t\t\t\t\t\t\t\t\t\t\t\t\t\t\t\t\t\t\t\t\t<img loading=\"lazy\" decoding=\"async\" width=\"2016\" height=\"1134\" src=\"https:\/\/dev.kordes.de\/wp-content\/uploads\/Herstellung-Produktion-Schachtmontage-Hekant-Pumpstation-Armatureneinbau-Trockenaufstellung.jpeg\" alt=\"\" \/>\t\t\t\t\t\t\t\t\t\t\t\t\t<\/p>\n<p>Die Armaturen werden in komfortabler Arbeitsh\u00f6he auf h\u00f6henverstellbaren Arbeitsplattformen montiert. Die Vormontage entsprechend der Konstruktionspl\u00e4ne ist ein entscheidender Schritt, um die finale Endmontage im Schacht zu erleichtern.<\/p>\n<h2>Montage und Ausr\u00fcstung der Schachtsysteme<\/h2>\n<p>W\u00e4hrend der Schachtmontage werden Trennw\u00e4nde und Armaturen eingebaut, sowie s\u00e4mtliche Anschlussleitungen entsprechend der Planung erstellt.<\/p>\n<p>\t\t\t\t\t\t\t\t\t\t\t\t\t<img loading=\"lazy\" decoding=\"async\" width=\"768\" height=\"1020\" src=\"https:\/\/dev.kordes.de\/wp-content\/uploads\/Herstellung-Produktion-Dorant-Pumpstation-Montage-Deckenplatte-PE-HD-Schacht.jpg\" alt=\"\" \/>\t\t\t\t\t\t\t\t\t\t\t\t\t\t\t\t\t\t\t\t\t\t\t\t\t\t<img loading=\"lazy\" decoding=\"async\" width=\"768\" height=\"1020\" src=\"https:\/\/dev.kordes.de\/wp-content\/uploads\/Herstellung-Produktion-Hekant-Pumpstation-Einbau-Trennwand-Trockenaustellung-PE-HD-Schacht.jpg\" alt=\"\" \/>\t\t\t\t\t\t\t\t\t\t\t\t\t\t\t\t\t\t\t\t\t\t\t\t\t\t<img loading=\"lazy\" decoding=\"async\" width=\"768\" height=\"1020\" src=\"https:\/\/dev.kordes.de\/wp-content\/uploads\/Herstellung-Produktion-Hekant-Pumpstation-Montage-Zwischenwand-PE-HD-Schacht-Doppelwandiges-Schachtmantelrohr.jpg\" alt=\"\" \/>\t\t\t\t\t\t\t\t\t\t\t\t\t\t\t\t<\/p>\n<h2>Versand der Schachtsysteme<\/h2>\n<p>Nach Fertigstellung erfolgt die Lieferung durch einen Sattelschlepper an die Baustelle. Ein gro\u00dfer Vorteil hierbei ist, dass der Transport der werksseitig hergestellten Anlage liegend in einem St\u00fcck zur Baustelle erfolgt.<\/p>\n<p>\t\t\t\t\t\t\t\t\t\t\t\t\t<img loading=\"lazy\" decoding=\"async\" width=\"2428\" height=\"1958\" src=\"https:\/\/dev.kordes.de\/wp-content\/uploads\/Herstellung-Produktion-Dorant-Pumpstation-PE-HD-Schacht-Montagegrube-Kran-Versandvorbereitung.jpg\" alt=\"\" \/>\t\t\t\t\t\t\t\t\t\t\t\t\t\t\t\t\t\t\t\t\t\t\t\t\t\t<img loading=\"lazy\" decoding=\"async\" width=\"2048\" height=\"1152\" src=\"https:\/\/dev.kordes.de\/wp-content\/uploads\/Herstellung-Produktion-Dorant-Pumpstation-PE-HD-Schacht-Liegend-auf-Sattelschlepper-Lieferung.jpeg\" alt=\"\" \/>\t\t\t\t\t\t\t\t\t\t\t\t\t\t\t\t<\/p>\n<h2>Warenausgang f\u00fcr Pumpen und Steuerungstechnik<\/h2>\n<p>\t\t\t\t\t\t\t\t\t\t\t\t\t\t\t<img loading=\"lazy\" decoding=\"async\" width=\"2016\" height=\"1134\" src=\"https:\/\/dev.kordes.de\/wp-content\/uploads\/Herstellung-Produtikon-Materiallager-fertige-Kommissionen-Armaturen-Steuerungen-Lieferbereit.jpg\" alt=\"\" \/>\t\t\t\t\t\t\t\t\t\t\t\t\t<\/p>\n<p>Bis zum vereinbarten Montagetermin werden Pumpen und Steuerungstechnik bei uns an sicherem Ort gelagert. Da ein Verbleib an der Baustelle h\u00e4ufig problematisch ist, macht eine separate Lieferung pass zur Montage Sinn.<\/p>\n","protected":false},"excerpt":{"rendered":"<p>Herstellung Kordes.de\u00a0 \u00a0 &gt;\u00a0 \u00a0 Unternehmen\u00a0 \u00a0 &gt;\u00a0 \u00a0\u00a0Herstellung Konstruktion F\u00fcr Ihr individuelle Anlage erstellen wir eine objektbezogene Zeichnung in 2D und 3D. Nach technischer Abstimmung und Freigabe setzen wir diese als ma\u00dfgeschneidertes Produkt in die Praxis um. CNC Fr\u00e4se Die CNC-Fr\u00e4se bearbeitet die PE-HD Platten und schneidet passgenau alle Teile entsprechend der Hochgeladenen Konstruktionszeichnung [&hellip;]<\/p>\n","protected":false},"author":8,"featured_media":0,"parent":0,"menu_order":0,"comment_status":"closed","ping_status":"closed","template":"","meta":{"footnotes":""},"class_list":["post-26552","page","type-page","status-publish","hentry"],"aioseo_notices":[],"_links":{"self":[{"href":"https:\/\/kordes.de\/en\/wp-json\/wp\/v2\/pages\/26552","targetHints":{"allow":["GET"]}}],"collection":[{"href":"https:\/\/kordes.de\/en\/wp-json\/wp\/v2\/pages"}],"about":[{"href":"https:\/\/kordes.de\/en\/wp-json\/wp\/v2\/types\/page"}],"author":[{"embeddable":true,"href":"https:\/\/kordes.de\/en\/wp-json\/wp\/v2\/users\/8"}],"replies":[{"embeddable":true,"href":"https:\/\/kordes.de\/en\/wp-json\/wp\/v2\/comments?post=26552"}],"version-history":[{"count":18,"href":"https:\/\/kordes.de\/en\/wp-json\/wp\/v2\/pages\/26552\/revisions"}],"predecessor-version":[{"id":31983,"href":"https:\/\/kordes.de\/en\/wp-json\/wp\/v2\/pages\/26552\/revisions\/31983"}],"wp:attachment":[{"href":"https:\/\/kordes.de\/en\/wp-json\/wp\/v2\/media?parent=26552"}],"curies":[{"name":"wp","href":"https:\/\/api.w.org\/{rel}","templated":true}]}}