{"id":26735,"date":"2025-02-13T11:09:00","date_gmt":"2025-02-13T10:09:00","guid":{"rendered":"https:\/\/kordes.de\/products\/"},"modified":"2025-03-09T20:58:50","modified_gmt":"2025-03-09T19:58:50","slug":"products","status":"publish","type":"page","link":"https:\/\/kordes.de\/en\/products\/","title":{"rendered":"Products"},"content":{"rendered":"\t\t<div data-elementor-type=\"wp-page\" data-elementor-id=\"26735\" class=\"elementor elementor-26735 elementor-4549\" data-elementor-post-type=\"page\">\n\t\t\t\t<nav class=\"has_eae_slider elementor-element elementor-element-13b6d28c e-flex e-con-boxed e-con e-parent\" data-eae-slider=\"27022\" data-id=\"13b6d28c\" data-element_type=\"container\" data-e-type=\"container\" data-settings=\"{&quot;background_background&quot;:&quot;classic&quot;}\">\n\t\t\t\t\t<div class=\"e-con-inner\">\n\t\t<div class=\"has_eae_slider elementor-element elementor-element-1dbf6b50 e-con-full e-flex e-con e-child\" data-eae-slider=\"89891\" data-id=\"1dbf6b50\" data-element_type=\"container\" data-e-type=\"container\">\n\t\t\t\t<div class=\"elementor-element elementor-element-79ffcde8 elementor-widget elementor-widget-heading\" data-id=\"79ffcde8\" data-element_type=\"widget\" data-e-type=\"widget\" data-widget_type=\"heading.default\">\n\t\t\t\t\t<h1 class=\"elementor-heading-title elementor-size-default\">Products<\/h1>\t\t\t\t<\/div>\n\t\t\t\t<\/div>\n\t\t\t\t\t<\/div>\n\t\t\t\t<\/nav>\n\t\t<div class=\"has_eae_slider elementor-element elementor-element-6a70db9d elementor-hidden-mobile e-con-full e-flex e-con e-parent\" data-eae-slider=\"40942\" data-id=\"6a70db9d\" data-element_type=\"container\" data-e-type=\"container\">\n\t\t<div class=\"has_eae_slider elementor-element elementor-element-2cd06c52 e-flex e-con-boxed e-con e-child\" data-eae-slider=\"82578\" data-id=\"2cd06c52\" data-element_type=\"container\" data-e-type=\"container\">\n\t\t\t\t\t<div class=\"e-con-inner\">\n\t\t\t\t<div class=\"elementor-element elementor-element-3d03ea07 elementor-widget elementor-widget-text-editor\" data-id=\"3d03ea07\" data-element_type=\"widget\" data-e-type=\"widget\" data-widget_type=\"text-editor.default\">\n\t\t\t\t\t\t\t\t\t<p><a href=\"https:\/\/kordes.de\/en\/\">Kordes.de<\/a>\u00a0 \u00a0 &gt;\u00a0 \u00a0 <a href=\"https:\/\/kordes.de\/en\/products\/\">Products<\/a><\/p>\t\t\t\t\t\t\t\t<\/div>\n\t\t\t\t\t<\/div>\n\t\t\t\t<\/div>\n\t\t<div class=\"has_eae_slider elementor-element elementor-element-155afa5b e-con-full e-flex e-con e-child\" data-eae-slider=\"2185\" data-id=\"155afa5b\" data-element_type=\"container\" data-e-type=\"container\">\n\t\t\t\t<div class=\"elementor-element elementor-element-45e9ad4f elementor-widget-divider--view-line elementor-widget elementor-widget-divider\" data-id=\"45e9ad4f\" data-element_type=\"widget\" data-e-type=\"widget\" data-widget_type=\"divider.default\">\n\t\t\t\t\t\t\t<div class=\"elementor-divider\">\n\t\t\t<span class=\"elementor-divider-separator\">\n\t\t\t\t\t\t<\/span>\n\t\t<\/div>\n\t\t\t\t\t\t<\/div>\n\t\t\t\t<\/div>\n\t\t\t\t<\/div>\n\t\t<div class=\"has_eae_slider elementor-element elementor-element-1b5ce69 e-flex e-con-boxed e-con e-parent\" data-eae-slider=\"8538\" data-id=\"1b5ce69\" data-element_type=\"container\" data-e-type=\"container\">\n\t\t\t\t\t<div class=\"e-con-inner\">\n\t\t\t\t<div class=\"elementor-element elementor-element-3d69f54 elementor-widget elementor-widget-spacer\" data-id=\"3d69f54\" data-element_type=\"widget\" data-e-type=\"widget\" data-widget_type=\"spacer.default\">\n\t\t\t\t\t\t\t<div class=\"elementor-spacer\">\n\t\t\t<div class=\"elementor-spacer-inner\"><\/div>\n\t\t<\/div>\n\t\t\t\t\t\t<\/div>\n\t\t\t\t\t<\/div>\n\t\t\t\t<\/div>\n\t\t<div class=\"has_eae_slider elementor-element elementor-element-3cf8b1f e-flex e-con-boxed e-con e-parent\" data-eae-slider=\"13036\" data-id=\"3cf8b1f\" data-element_type=\"container\" data-e-type=\"container\">\n\t\t\t\t\t<div class=\"e-con-inner\">\n\t\t<div class=\"has_eae_slider elementor-element elementor-element-9cf33c8 e-con-full e-flex e-con e-child\" data-eae-slider=\"52154\" data-id=\"9cf33c8\" data-element_type=\"container\" data-e-type=\"container\">\n\t\t\t\t<div class=\"elementor-element elementor-element-32cdf59 elementor-widget elementor-widget-image\" data-id=\"32cdf59\" data-element_type=\"widget\" data-e-type=\"widget\" data-widget_type=\"image.default\">\n\t\t\t\t\t\t\t\t\t\t\t\t\t\t\t\t<a href=\"https:\/\/kordes.de\/en\/products\/variant-pressure-drainage\/pe-shaft\/\">\n\t\t\t\t\t\t\t<img fetchpriority=\"high\" decoding=\"async\" width=\"292\" height=\"394\" src=\"https:\/\/kordes.de\/wp-content\/uploads\/Produkte-Variant-Pumpstation-Druckentwaesserung-Abwasser-Einzelanlage.png\" class=\"attachment-large size-large wp-image-29155\" alt=\"Produkte Variant Pumpstation Druckentw\u00e4sserung Abwasser Einzelanlage\" \/>\t\t\t\t\t\t\t\t<\/a>\n\t\t\t\t\t\t\t\t\t\t\t\t\t\t\t<\/div>\n\t\t\t\t<div class=\"elementor-element elementor-element-d2400bd elementor-widget elementor-widget-heading\" data-id=\"d2400bd\" data-element_type=\"widget\" data-e-type=\"widget\" data-widget_type=\"heading.default\">\n\t\t\t\t\t<h6 class=\"elementor-heading-title elementor-size-default\"><a href=\"https:\/\/kordes.de\/en\/products\/variant-pressure-drainage\/pe-shaft\/\">Pressure Drainage VARIANT<\/a><\/h6>\t\t\t\t<\/div>\n\t\t\t\t<\/div>\n\t\t<div class=\"has_eae_slider elementor-element elementor-element-6237a8b e-con-full e-flex e-con e-child\" data-eae-slider=\"46903\" data-id=\"6237a8b\" data-element_type=\"container\" data-e-type=\"container\">\n\t\t\t\t<div class=\"elementor-element elementor-element-f3cbc85 elementor-widget elementor-widget-image\" data-id=\"f3cbc85\" data-element_type=\"widget\" data-e-type=\"widget\" data-widget_type=\"image.default\">\n\t\t\t\t\t\t\t\t\t\t\t\t\t\t\t\t<a href=\"https:\/\/kordes.de\/en\/products\/dorant-pumping-station\/\">\n\t\t\t\t\t\t\t<img decoding=\"async\" width=\"292\" height=\"394\" src=\"https:\/\/kordes.de\/wp-content\/uploads\/Produkte-Dorant-Pumpstation-PE-HD-Schachtsystem-Sandwichbauweise-Nassaufstellung-werksseitig-Vorgefertigt.png\" class=\"attachment-large size-large wp-image-29157\" alt=\"Produkte Dorant Pumpstation PE-HD Schachtsystem Sandwichbauweise Nassaufstellung werksseitig Vorgefertigt\" \/>\t\t\t\t\t\t\t\t<\/a>\n\t\t\t\t\t\t\t\t\t\t\t\t\t\t\t<\/div>\n\t\t\t\t<div class=\"elementor-element elementor-element-b53bd6e elementor-widget elementor-widget-heading\" data-id=\"b53bd6e\" data-element_type=\"widget\" data-e-type=\"widget\" data-widget_type=\"heading.default\">\n\t\t\t\t\t<h6 class=\"elementor-heading-title elementor-size-default\"><a href=\"https:\/\/kordes.de\/en\/products\/dorant-pumping-station\/\">Pumping Station DORANT<\/a><\/h6>\t\t\t\t<\/div>\n\t\t\t\t<\/div>\n\t\t<div class=\"has_eae_slider elementor-element elementor-element-f768b06 e-con-full e-flex e-con e-child\" data-eae-slider=\"19536\" data-id=\"f768b06\" data-element_type=\"container\" data-e-type=\"container\">\n\t\t\t\t<div class=\"elementor-element elementor-element-90f1774 elementor-widget elementor-widget-image\" data-id=\"90f1774\" data-element_type=\"widget\" data-e-type=\"widget\" data-widget_type=\"image.default\">\n\t\t\t\t\t\t\t\t\t\t\t\t\t\t\t\t<a href=\"https:\/\/kordes.de\/en\/products\/hekant-pumping-station\/\">\n\t\t\t\t\t\t\t<img decoding=\"async\" width=\"292\" height=\"394\" src=\"https:\/\/kordes.de\/wp-content\/uploads\/Produkte-Hekant-Pumpstation-PE-HD-Schachtsystem-Sandwichbauweise-Trockenaufstellung-werksseitig-Vorgefertigt.png\" class=\"attachment-large size-large wp-image-29161\" alt=\"Produkte Hekant Pumpstation PE-HD Schachtsystem Sandwichbauweise Trockenaufstellung werksseitig Vorgefertigt\" \/>\t\t\t\t\t\t\t\t<\/a>\n\t\t\t\t\t\t\t\t\t\t\t\t\t\t\t<\/div>\n\t\t\t\t<div class=\"elementor-element elementor-element-29232df elementor-widget elementor-widget-heading\" data-id=\"29232df\" data-element_type=\"widget\" data-e-type=\"widget\" data-widget_type=\"heading.default\">\n\t\t\t\t\t<h6 class=\"elementor-heading-title elementor-size-default\"><a href=\"https:\/\/kordes.de\/en\/products\/hekant-pumping-station\/\">Pumping Station HEKANT<\/a><\/h6>\t\t\t\t<\/div>\n\t\t\t\t<\/div>\n\t\t\t\t\t<\/div>\n\t\t\t\t<\/div>\n\t\t<div class=\"has_eae_slider elementor-element elementor-element-74bf63e e-flex e-con-boxed e-con e-parent\" data-eae-slider=\"95887\" data-id=\"74bf63e\" data-element_type=\"container\" data-e-type=\"container\">\n\t\t\t\t\t<div class=\"e-con-inner\">\n\t\t<div class=\"has_eae_slider elementor-element elementor-element-471dbe7 e-con-full e-flex e-con e-child\" data-eae-slider=\"33332\" data-id=\"471dbe7\" data-element_type=\"container\" data-e-type=\"container\">\n\t\t\t\t<div class=\"elementor-element elementor-element-b68639b elementor-widget elementor-widget-image\" data-id=\"b68639b\" data-element_type=\"widget\" data-e-type=\"widget\" data-widget_type=\"image.default\">\n\t\t\t\t\t\t\t\t\t\t\t\t\t\t\t\t<a href=\"https:\/\/kordes.de\/en\/products\/wastewater-treatment-plants\/\">\n\t\t\t\t\t\t\t<img loading=\"lazy\" decoding=\"async\" width=\"449\" height=\"614\" src=\"https:\/\/kordes.de\/wp-content\/uploads\/SBR-Klaeranlage-Kommunales-Abwasser-Belebtschlamm-Bio-Clear-S-Rechteckbauweise-hohe-Reinigungsleistung-Schlammbehandlung.png\" class=\"attachment-large size-large wp-image-29336\" alt=\"SBR Kl\u00e4ranlage Kommunales Abwasser Belebtschlamm Bio Clear S Rechteckbauweise hohe Reinigungsleistung Schlammbehandlung\" \/>\t\t\t\t\t\t\t\t<\/a>\n\t\t\t\t\t\t\t\t\t\t\t\t\t\t\t<\/div>\n\t\t\t\t<div class=\"elementor-element elementor-element-e267ce8 elementor-widget elementor-widget-heading\" data-id=\"e267ce8\" data-element_type=\"widget\" data-e-type=\"widget\" data-widget_type=\"heading.default\">\n\t\t\t\t\t<h6 class=\"elementor-heading-title elementor-size-default\"><a href=\"https:\/\/kordes.de\/en\/products\/wastewater-treatment-plants\/\">Wastewater Treatment Plant up to 5.000 Pe<\/a><\/h6>\t\t\t\t<\/div>\n\t\t\t\t<\/div>\n\t\t<div class=\"has_eae_slider elementor-element elementor-element-437189f e-con-full e-flex e-con e-child\" data-eae-slider=\"74331\" data-id=\"437189f\" data-element_type=\"container\" data-e-type=\"container\">\n\t\t\t\t<div class=\"elementor-element elementor-element-041da34 elementor-widget elementor-widget-image\" data-id=\"041da34\" data-element_type=\"widget\" data-e-type=\"widget\" data-widget_type=\"image.default\">\n\t\t\t\t\t\t\t\t\t\t\t\t\t\t\t\t<a href=\"https:\/\/kordes.de\/en\/aqua-simplex-pionier-small-wastewater-treatment-plant\/\">\n\t\t\t\t\t\t\t<img loading=\"lazy\" decoding=\"async\" width=\"449\" height=\"614\" src=\"https:\/\/kordes.de\/wp-content\/uploads\/Produkte-SBR-Kleinklaeranlage-Aqua-Simplex-fuer-haeusliches-Abwasser-hohe-Reinigunsleistung.png\" class=\"attachment-large size-large wp-image-29151\" alt=\"Produkte SBR Kleinkl\u00e4ranlage Aqua Simplex f\u00fcr h\u00e4usliches Abwasser hohe Reinigunsleistung\" \/>\t\t\t\t\t\t\t\t<\/a>\n\t\t\t\t\t\t\t\t\t\t\t\t\t\t\t<\/div>\n\t\t\t\t<div class=\"elementor-element elementor-element-4e86a01 elementor-widget elementor-widget-heading\" data-id=\"4e86a01\" data-element_type=\"widget\" data-e-type=\"widget\" data-widget_type=\"heading.default\">\n\t\t\t\t\t<h6 class=\"elementor-heading-title elementor-size-default\"><a href=\"https:\/\/kordes.de\/en\/aqua-simplex-pionier-small-wastewater-treatment-plant\/\">Wastewater Treatment Plant up to 50 Pe<\/a><\/h6>\t\t\t\t<\/div>\n\t\t\t\t<\/div>\n\t\t<div class=\"has_eae_slider elementor-element elementor-element-17f100e e-con-full e-flex e-con e-child\" data-eae-slider=\"72901\" data-id=\"17f100e\" data-element_type=\"container\" data-e-type=\"container\">\n\t\t\t\t<\/div>\n\t\t<div class=\"has_eae_slider elementor-element elementor-element-cacd409 e-con-full e-flex e-con e-child\" data-eae-slider=\"73621\" data-id=\"cacd409\" data-element_type=\"container\" data-e-type=\"container\">\n\t\t\t\t<\/div>\n\t\t\t\t\t<\/div>\n\t\t\t\t<\/div>\n\t\t\t\t<\/div>\n\t\t","protected":false},"excerpt":{"rendered":"<p>Products Kordes.de\u00a0 \u00a0 &gt;\u00a0 \u00a0 Products Pressure Drainage VARIANT Pumping Station DORANT Pumping Station HEKANT Wastewater Treatment Plant up to 5.000 Pe Wastewater Treatment Plant up to 50 Pe<\/p>\n","protected":false},"author":9,"featured_media":0,"parent":0,"menu_order":1,"comment_status":"closed","ping_status":"closed","template":"","meta":{"footnotes":""},"class_list":["post-26735","page","type-page","status-publish","hentry"],"aioseo_notices":[],"_links":{"self":[{"href":"https:\/\/kordes.de\/en\/wp-json\/wp\/v2\/pages\/26735","targetHints":{"allow":["GET"]}}],"collection":[{"href":"https:\/\/kordes.de\/en\/wp-json\/wp\/v2\/pages"}],"about":[{"href":"https:\/\/kordes.de\/en\/wp-json\/wp\/v2\/types\/page"}],"author":[{"embeddable":true,"href":"https:\/\/kordes.de\/en\/wp-json\/wp\/v2\/users\/9"}],"replies":[{"embeddable":true,"href":"https:\/\/kordes.de\/en\/wp-json\/wp\/v2\/comments?post=26735"}],"version-history":[{"count":24,"href":"https:\/\/kordes.de\/en\/wp-json\/wp\/v2\/pages\/26735\/revisions"}],"predecessor-version":[{"id":31897,"href":"https:\/\/kordes.de\/en\/wp-json\/wp\/v2\/pages\/26735\/revisions\/31897"}],"wp:attachment":[{"href":"https:\/\/kordes.de\/en\/wp-json\/wp\/v2\/media?parent=26735"}],"curies":[{"name":"wp","href":"https:\/\/api.w.org\/{rel}","templated":true}]}}